{"id":459,"date":"2024-04-08T11:38:49","date_gmt":"2024-04-08T09:38:49","guid":{"rendered":"https:\/\/caravaningeuskadi.com\/cookieen-politika\/"},"modified":"2024-04-16T16:46:47","modified_gmt":"2024-04-16T14:46:47","slug":"cookieen-politika","status":"publish","type":"page","link":"https:\/\/caravaningeuskadi.com\/eu\/cookieen-politika\/","title":{"rendered":"Cookieen politika"},"content":{"rendered":"<h1 class=\"entry-title post-title\">Cookieen politika<\/h1>\n<p>En cumplimiento de la Ley 34\/2002, de 11 de julio, de servicios de la sociedad de la informaci\u00f3n y de comercio electr\u00f3nico (LSSI) modificada en su art. 22 por el art. 4.3 perteneciente al Titulo II Modificaciones relativas a la transposici\u00f3n de Directivas en materia de Telecomunicaciones y Sociedad de la Informaci\u00f3n del Real Decreto Ley 13\/2012, de 30 de marzo por el que se transponen directivas en materia comunicaciones electr\u00f3nicas, le informamos de la utilizaci\u00f3n de cookies en el sitio web https:\/\/caravaningeuskadi.com, titularidad de CARAVANING EUSKADI, S. L.<\/p>\n<h4>\u00bfQU\u00c9 SON LAS COOKIES?<\/h4>\n<p>Una cookie es un fichero que se descarga en el disco duro de su ordenador al acceder a determinadas p\u00e1ginas web o aplicaciones. Las cookies permiten, entre otras cosas, recopilar informaci\u00f3n estad\u00edstica, facilitar ciertas funcionalidades t\u00e9cnicas, almacenar y recuperar informaci\u00f3n sobre los h\u00e1bitos de navegaci\u00f3n o preferencias de un usuario o de su equipo y, dependiendo de la informaci\u00f3n que contengan y de la forma en que utilice su equipo, pueden utilizarse para reconocer al usuario. Tenga en cuenta que las cookies no pueden da\u00f1ar su equipo y que, a cambio, el que est\u00e9n activadas nos ayudan a identificar y resolver los posibles errores. La informaci\u00f3n que le proporcionamos a continuaci\u00f3n, le ayudar\u00e1 a comprender los diferentes tipos de cookies:  <\/p>\n<ul>\n<li><strong>Cookies de sesi\u00f3n<\/strong>: son cookies temporales que permanecen en el archivo de cookies de su navegador hasta que abandone la p\u00e1gina web, por lo que ninguna queda registrada en el disco duro del usuario. La informaci\u00f3n obtenida por medio de estas cookies, sirven para analizar pautas de tr\u00e1fico en la web. A la larga, esto nos permite proporcionar una mejor experiencia para mejorar el contenido y facilitando su uso.  <\/li>\n<li><strong>Cookies permanentes<\/strong>: son almacenadas en el disco duro y nuestra web las lee cada vez que usted realiza una nueva visita. Una web permanente posee una fecha de expiraci\u00f3n determinada. La cookie dejar\u00e1 de funcionar despu\u00e9s de esa fecha.  <\/li>\n<\/ul>\n<h4>TIPO DE COOKIES<\/h4>\n<p>El presente sitio web utiliza las cookies que se detallan a continuaci\u00f3n:<\/p>\n<ul>\n<li><strong>Cookies t\u00e9cnicas<\/strong> necesarias o convenientes para la prestaci\u00f3n de determinados servicios. Si de desactivan, no podr\u00e1 recibir correctamente los contenidos del sitio web. <\/li>\n<li><strong>Cookies anal\u00edticas<\/strong>, que permiten la medici\u00f3n y an\u00e1lisis de la navegaci\u00f3n en las p\u00e1ginas web.<\/li>\n<li><strong>Cookies de redes sociales externas<\/strong>, que se utilizan para que los visitantes puedan interactuar con el contenido de diferentes plataformas sociales (Facebook, Twitter, Instagram). Las condiciones de utilizaci\u00f3n de estas cookies y la informaci\u00f3n recopilada se regula por la pol\u00edtica de privacidad de la plataforma social correspondiente. <\/li>\n<\/ul>\n<h4>ACEPTACI\u00d3N DE COOKIES<\/h4>\n<p>Si usted contin\u00faa su navegaci\u00f3n una vez informado sobre la Pol\u00edtica de Cookies, entenderemos que acepta la utilizaci\u00f3n de las cookies por parte de nuestro sitio web. Sin embargo, si usted lo desea, puede cambiar la configuraci\u00f3n de su navegador para aceptar, o no, las cookies que recibe o para que el navegador le avise cuando un servidor quiera guardar una cookie. <\/p>\n<p>&nbsp;<\/p>\n<h4>DESHABILITACI\u00d3N DE COOKIES<\/h4>\n<p>Para conocer la forma en la que deshabilitar las cookies de su navegador, le indicamos los pasos a seguir en los principales navegadores: <strong>Firefox<\/strong>: Herramientas \u2192 Opciones \u2192 Privacidad \u2192 Historial \u2192 Configuraci\u00f3n Personalizada. Para m\u00e1s informaci\u00f3n, puede consultar el soporte de Mozilla o la Ayuda del navegador. <strong>Chrome<\/strong>: Configuraci\u00f3n \u2192 Mostrar opciones avanzadas \u2192 Privacidad \u2192 Configuraci\u00f3n de contenido. Para m\u00e1s informaci\u00f3n, puede consultar el soporte de Google o la Ayuda del navegador. <strong>Safari<\/strong>: Preferencias \u2192 Seguridad. Para m\u00e1s informaci\u00f3n, puede consultar el soporte de Apple o la Ayuda del navegador.<\/p>\n","protected":false},"excerpt":{"rendered":"<p>Cookieen politika En cumplimiento de la Ley 34\/2002, de 11 de julio, de servicios de la sociedad de la informaci\u00f3n y de comercio electr\u00f3nico (LSSI) modificada en su art. 22 por el art. 4.3 perteneciente al Titulo II Modificaciones relativas a la transposici\u00f3n de Directivas en materia de Telecomunicaciones y Sociedad de la Informaci\u00f3n del [&#8230;]\n","protected":false},"author":1,"featured_media":0,"parent":0,"menu_order":11,"comment_status":"closed","ping_status":"closed","template":"","meta":{"_acf_changed":false,"footnotes":""},"class_list":["post-459","page","type-page","status-publish","hentry"],"acf":[],"_links":{"self":[{"href":"https:\/\/caravaningeuskadi.com\/eu\/wp-json\/wp\/v2\/pages\/459","targetHints":{"allow":["GET"]}}],"collection":[{"href":"https:\/\/caravaningeuskadi.com\/eu\/wp-json\/wp\/v2\/pages"}],"about":[{"href":"https:\/\/caravaningeuskadi.com\/eu\/wp-json\/wp\/v2\/types\/page"}],"author":[{"embeddable":true,"href":"https:\/\/caravaningeuskadi.com\/eu\/wp-json\/wp\/v2\/users\/1"}],"replies":[{"embeddable":true,"href":"https:\/\/caravaningeuskadi.com\/eu\/wp-json\/wp\/v2\/comments?post=459"}],"version-history":[{"count":1,"href":"https:\/\/caravaningeuskadi.com\/eu\/wp-json\/wp\/v2\/pages\/459\/revisions"}],"predecessor-version":[{"id":460,"href":"https:\/\/caravaningeuskadi.com\/eu\/wp-json\/wp\/v2\/pages\/459\/revisions\/460"}],"wp:attachment":[{"href":"https:\/\/caravaningeuskadi.com\/eu\/wp-json\/wp\/v2\/media?parent=459"}],"curies":[{"name":"wp","href":"https:\/\/api.w.org\/{rel}","templated":true}]}}